{"id":988310,"date":"2025-01-15T17:13:44","date_gmt":"2025-01-15T16:13:44","guid":{"rendered":"https:\/\/conexiondigitalsenior.com\/?page_id=988310"},"modified":"2025-01-17T09:42:41","modified_gmt":"2025-01-17T08:42:41","slug":"protege-tu-ordenador-cortafuegos-y-antivirus","status":"publish","type":"page","link":"https:\/\/conexiondigitalsenior.com\/index.php\/protege-tu-ordenador-cortafuegos-y-antivirus\/","title":{"rendered":"Protege tu ordenador: cortafuegos y antivirus"},"content":{"rendered":"\t\t<div data-elementor-type=\"wp-page\" data-elementor-id=\"988310\" class=\"elementor elementor-988310\" data-elementor-post-type=\"page\">\n\t\t\t\t\t\t<section class=\"elementor-section elementor-top-section elementor-element elementor-element-0d2326f elementor-section-boxed elementor-section-height-default elementor-section-height-default\" data-id=\"0d2326f\" data-element_type=\"section\">\n\t\t\t\t\t\t<div class=\"elementor-container elementor-column-gap-no\">\n\t\t\t\t\t<div class=\"elementor-column elementor-col-50 elementor-top-column elementor-element elementor-element-24a70d8\" data-id=\"24a70d8\" data-element_type=\"column\">\n\t\t\t<div class=\"elementor-widget-wrap elementor-element-populated\">\n\t\t\t\t\t\t<div class=\"elementor-element elementor-element-65f8e3a elementor-widget elementor-widget-text-editor\" data-id=\"65f8e3a\" data-element_type=\"widget\" data-widget_type=\"text-editor.default\">\n\t\t\t\t<div class=\"elementor-widget-container\">\n\t\t\t\t\t\t\t<table><tbody><tr><td><p><b>Objetivo general:<\/b> <span style=\"font-weight: 400;\"><br \/><\/span><span style=\"font-weight: 400;\">Equipar a los participantes con los conocimientos y habilidades necesarias para implementar y gestionar efectivamente soluciones de cortafuegos y antivirus, garantizando la protecci\u00f3n \u00f3ptima de sus ordenadores contra amenazas de seguridad.<\/span><\/p><p><b><br \/><\/b><b>Objetivos espec\u00edficos:<\/b> <span style=\"font-weight: 400;\"><br \/><\/span><span style=\"font-weight: 400;\">&#8211; Comprender las funciones y la importancia de los cortafuegos y antivirus contra intrusiones y software malicioso.<\/span><span style=\"font-weight: 400;\"><br \/><\/span><span style=\"font-weight: 400;\">&#8211; Ense\u00f1ar c\u00f3mo realizar mantenimientos regulares y actualizaciones para asegurar que las protecciones est\u00e1n al d\u00eda y funcionando adecuadamente.<\/span><\/p><p><b><br \/><\/b><b>Contenidos propuestos:<\/b> <span style=\"font-weight: 400;\"><br \/><\/span><span style=\"font-weight: 400;\">TEMA 1: Introducci\u00f3n a los conceptos de seguridad inform\u00e1tica<\/span><span style=\"font-weight: 400;\"><br \/><\/span><span style=\"font-weight: 400;\">TEMA 2: Funciones de los cortafuegos y antivirus<\/span><span style=\"font-weight: 400;\"><br \/><\/span><span style=\"font-weight: 400;\">TEMA 3: Instalaci\u00f3n y personalizaci\u00f3n de este tipo de software.<\/span><\/p><\/td><\/tr><\/tbody><\/table>\t\t\t\t\t\t<\/div>\n\t\t\t\t<\/div>\n\t\t\t\t\t<\/div>\n\t\t<\/div>\n\t\t\t\t<div class=\"elementor-column elementor-col-50 elementor-top-column elementor-element elementor-element-01707ec\" data-id=\"01707ec\" data-element_type=\"column\">\n\t\t\t<div class=\"elementor-widget-wrap elementor-element-populated\">\n\t\t\t\t\t\t<div class=\"elementor-element elementor-element-2ee50db elementor-widget elementor-widget-image\" data-id=\"2ee50db\" data-element_type=\"widget\" data-widget_type=\"image.default\">\n\t\t\t\t<div class=\"elementor-widget-container\">\n\t\t\t\t\t\t\t\t\t\t\t\t\t<img fetchpriority=\"high\" decoding=\"async\" width=\"641\" height=\"641\" src=\"https:\/\/conexiondigitalsenior.com\/wp-content\/uploads\/2025\/01\/Protege-tu-ordenador-cortafuegos-y-antivirus.jpg\" class=\"attachment-large size-large wp-image-988369\" alt=\"\" srcset=\"https:\/\/conexiondigitalsenior.com\/wp-content\/uploads\/2025\/01\/Protege-tu-ordenador-cortafuegos-y-antivirus.jpg 641w, https:\/\/conexiondigitalsenior.com\/wp-content\/uploads\/2025\/01\/Protege-tu-ordenador-cortafuegos-y-antivirus-300x300.jpg 300w, https:\/\/conexiondigitalsenior.com\/wp-content\/uploads\/2025\/01\/Protege-tu-ordenador-cortafuegos-y-antivirus-150x150.jpg 150w, https:\/\/conexiondigitalsenior.com\/wp-content\/uploads\/2025\/01\/Protege-tu-ordenador-cortafuegos-y-antivirus-320x320.jpg 320w\" sizes=\"(max-width: 641px) 100vw, 641px\" \/>\t\t\t\t\t\t\t\t\t\t\t\t\t<\/div>\n\t\t\t\t<\/div>\n\t\t\t\t\t<\/div>\n\t\t<\/div>\n\t\t\t\t\t<\/div>\n\t\t<\/section>\n\t\t<div class=\"elementor-element elementor-element-6571b34 e-flex e-con-boxed e-con e-parent\" data-id=\"6571b34\" data-element_type=\"container\">\n\t\t\t\t\t<div class=\"e-con-inner\">\n\t\t\t\t\t<\/div>\n\t\t\t\t<\/div>\n\t\t\t\t<\/div>\n\t\t","protected":false},"excerpt":{"rendered":"<p>Digital marketing solutions designed to generate revenue for your business<\/p>\n","protected":false},"author":2,"featured_media":6704,"parent":0,"menu_order":0,"comment_status":"closed","ping_status":"closed","template":"","meta":{"footnotes":""},"class_list":["post-988310","page","type-page","status-publish","has-post-thumbnail","hentry"],"_links":{"self":[{"href":"https:\/\/conexiondigitalsenior.com\/index.php\/wp-json\/wp\/v2\/pages\/988310","targetHints":{"allow":["GET"]}}],"collection":[{"href":"https:\/\/conexiondigitalsenior.com\/index.php\/wp-json\/wp\/v2\/pages"}],"about":[{"href":"https:\/\/conexiondigitalsenior.com\/index.php\/wp-json\/wp\/v2\/types\/page"}],"author":[{"embeddable":true,"href":"https:\/\/conexiondigitalsenior.com\/index.php\/wp-json\/wp\/v2\/users\/2"}],"replies":[{"embeddable":true,"href":"https:\/\/conexiondigitalsenior.com\/index.php\/wp-json\/wp\/v2\/comments?post=988310"}],"version-history":[{"count":7,"href":"https:\/\/conexiondigitalsenior.com\/index.php\/wp-json\/wp\/v2\/pages\/988310\/revisions"}],"predecessor-version":[{"id":988386,"href":"https:\/\/conexiondigitalsenior.com\/index.php\/wp-json\/wp\/v2\/pages\/988310\/revisions\/988386"}],"wp:featuredmedia":[{"embeddable":true,"href":"https:\/\/conexiondigitalsenior.com\/index.php\/wp-json\/wp\/v2\/media\/6704"}],"wp:attachment":[{"href":"https:\/\/conexiondigitalsenior.com\/index.php\/wp-json\/wp\/v2\/media?parent=988310"}],"curies":[{"name":"wp","href":"https:\/\/api.w.org\/{rel}","templated":true}]}}