{"id":988294,"date":"2025-01-15T17:08:53","date_gmt":"2025-01-15T16:08:53","guid":{"rendered":"https:\/\/conexiondigitalsenior.com\/?page_id=988294"},"modified":"2025-01-17T09:42:44","modified_gmt":"2025-01-17T08:42:44","slug":"contrasenas-y-seguridad-de-acceso","status":"publish","type":"page","link":"https:\/\/conexiondigitalsenior.com\/index.php\/contrasenas-y-seguridad-de-acceso\/","title":{"rendered":"Contrase\u00f1as y seguridad de acceso"},"content":{"rendered":"\t\t<div data-elementor-type=\"wp-page\" data-elementor-id=\"988294\" class=\"elementor elementor-988294\" data-elementor-post-type=\"page\">\n\t\t\t\t\t\t<section class=\"elementor-section elementor-top-section elementor-element elementor-element-0d2326f elementor-section-boxed elementor-section-height-default elementor-section-height-default\" data-id=\"0d2326f\" data-element_type=\"section\">\n\t\t\t\t\t\t<div class=\"elementor-container elementor-column-gap-no\">\n\t\t\t\t\t<div class=\"elementor-column elementor-col-50 elementor-top-column elementor-element elementor-element-24a70d8\" data-id=\"24a70d8\" data-element_type=\"column\">\n\t\t\t<div class=\"elementor-widget-wrap elementor-element-populated\">\n\t\t\t\t\t\t<div class=\"elementor-element elementor-element-65f8e3a elementor-widget elementor-widget-text-editor\" data-id=\"65f8e3a\" data-element_type=\"widget\" data-widget_type=\"text-editor.default\">\n\t\t\t\t<div class=\"elementor-widget-container\">\n\t\t\t\t\t\t\t<table><tbody><tr><td><p><b>Objetivo general:<\/b> <span style=\"font-weight: 400;\"><br \/><\/span><span style=\"font-weight: 400;\">Capacitar a los participantes en la creaci\u00f3n, gesti\u00f3n y fortalecimiento de contrase\u00f1as, as\u00ed como ense\u00f1ar m\u00e9todos avanzados para proteger el acceso a sus dispositivos y cuentas digitales.<\/span><\/p><p><b><br \/><\/b><b>Objetivos espec\u00edficos:<\/b> <span style=\"font-weight: 400;\"><br \/><\/span><span style=\"font-weight: 400;\">&#8211; Aprender a crear contrase\u00f1as fuertes que protejan contra accesos no autorizados.<\/span><span style=\"font-weight: 400;\"><br \/><\/span><span style=\"font-weight: 400;\">&#8211; Desarrollar habilidades para gestionar y almacenar contrase\u00f1as de manera segura, utilizando herramientas modernas.<\/span><\/p><p><b><br \/><\/b><b>Contenidos propuestos: <\/b><b><br \/><\/b><span style=\"font-weight: 400;\">TEMA 1: Creaci\u00f3n de contrase\u00f1as seguras<\/span><span style=\"font-weight: 400;\"><br \/><\/span><span style=\"font-weight: 400;\">TEMA 2: Gestores de contrase\u00f1as y seguridad de acceso<\/span><span style=\"font-weight: 400;\"><br \/><\/span><span style=\"font-weight: 400;\">TEMA 3: Estrategias para la recuperaci\u00f3n de accesos y contrase\u00f1as.<\/span><\/p><\/td><\/tr><\/tbody><\/table>\t\t\t\t\t\t<\/div>\n\t\t\t\t<\/div>\n\t\t\t\t\t<\/div>\n\t\t<\/div>\n\t\t\t\t<div class=\"elementor-column elementor-col-50 elementor-top-column elementor-element elementor-element-01707ec\" data-id=\"01707ec\" data-element_type=\"column\">\n\t\t\t<div class=\"elementor-widget-wrap elementor-element-populated\">\n\t\t\t\t\t\t<div class=\"elementor-element elementor-element-2ee50db elementor-widget elementor-widget-image\" data-id=\"2ee50db\" data-element_type=\"widget\" data-widget_type=\"image.default\">\n\t\t\t\t<div class=\"elementor-widget-container\">\n\t\t\t\t\t\t\t\t\t\t\t\t\t<img fetchpriority=\"high\" decoding=\"async\" width=\"641\" height=\"641\" src=\"https:\/\/conexiondigitalsenior.com\/wp-content\/uploads\/2025\/01\/Contrasenas-y-seguridad-de-acceso.jpg\" class=\"attachment-large size-large wp-image-988366\" alt=\"\" srcset=\"https:\/\/conexiondigitalsenior.com\/wp-content\/uploads\/2025\/01\/Contrasenas-y-seguridad-de-acceso.jpg 641w, https:\/\/conexiondigitalsenior.com\/wp-content\/uploads\/2025\/01\/Contrasenas-y-seguridad-de-acceso-300x300.jpg 300w, https:\/\/conexiondigitalsenior.com\/wp-content\/uploads\/2025\/01\/Contrasenas-y-seguridad-de-acceso-150x150.jpg 150w, https:\/\/conexiondigitalsenior.com\/wp-content\/uploads\/2025\/01\/Contrasenas-y-seguridad-de-acceso-320x320.jpg 320w\" sizes=\"(max-width: 641px) 100vw, 641px\" \/>\t\t\t\t\t\t\t\t\t\t\t\t\t<\/div>\n\t\t\t\t<\/div>\n\t\t\t\t\t<\/div>\n\t\t<\/div>\n\t\t\t\t\t<\/div>\n\t\t<\/section>\n\t\t<div class=\"elementor-element elementor-element-6571b34 e-flex e-con-boxed e-con e-parent\" data-id=\"6571b34\" data-element_type=\"container\">\n\t\t\t\t\t<div class=\"e-con-inner\">\n\t\t\t\t\t<\/div>\n\t\t\t\t<\/div>\n\t\t\t\t<\/div>\n\t\t","protected":false},"excerpt":{"rendered":"<p>Digital marketing solutions designed to generate revenue for your business<\/p>\n","protected":false},"author":2,"featured_media":6704,"parent":0,"menu_order":0,"comment_status":"closed","ping_status":"closed","template":"","meta":{"footnotes":""},"class_list":["post-988294","page","type-page","status-publish","has-post-thumbnail","hentry"],"_links":{"self":[{"href":"https:\/\/conexiondigitalsenior.com\/index.php\/wp-json\/wp\/v2\/pages\/988294","targetHints":{"allow":["GET"]}}],"collection":[{"href":"https:\/\/conexiondigitalsenior.com\/index.php\/wp-json\/wp\/v2\/pages"}],"about":[{"href":"https:\/\/conexiondigitalsenior.com\/index.php\/wp-json\/wp\/v2\/types\/page"}],"author":[{"embeddable":true,"href":"https:\/\/conexiondigitalsenior.com\/index.php\/wp-json\/wp\/v2\/users\/2"}],"replies":[{"embeddable":true,"href":"https:\/\/conexiondigitalsenior.com\/index.php\/wp-json\/wp\/v2\/comments?post=988294"}],"version-history":[{"count":7,"href":"https:\/\/conexiondigitalsenior.com\/index.php\/wp-json\/wp\/v2\/pages\/988294\/revisions"}],"predecessor-version":[{"id":988392,"href":"https:\/\/conexiondigitalsenior.com\/index.php\/wp-json\/wp\/v2\/pages\/988294\/revisions\/988392"}],"wp:featuredmedia":[{"embeddable":true,"href":"https:\/\/conexiondigitalsenior.com\/index.php\/wp-json\/wp\/v2\/media\/6704"}],"wp:attachment":[{"href":"https:\/\/conexiondigitalsenior.com\/index.php\/wp-json\/wp\/v2\/media?parent=988294"}],"curies":[{"name":"wp","href":"https:\/\/api.w.org\/{rel}","templated":true}]}}